{"id":1505,"date":"2022-08-11T13:02:06","date_gmt":"2022-08-11T18:02:06","guid":{"rendered":"https:\/\/buenoshabitos.shop\/?post_type=product&#038;p=1505"},"modified":"2022-08-11T13:02:06","modified_gmt":"2022-08-11T18:02:06","slug":"taza-buenos-habitos","status":"publish","type":"product","link":"https:\/\/buenoshabitos.shop\/?product=taza-buenos-habitos","title":{"rendered":"Taza Buenos H\u00e1bitos"},"content":{"rendered":"<p>Taza Buenos H\u00e1bitos 100% cer\u00e1mica, extra-fino<\/p>\n","protected":false},"excerpt":{"rendered":"<ul>\n<li>Taza Buenos H\u00e1bitos<\/li>\n<li>100% cer\u00e1mica<\/li>\n<li>extrafino<\/li>\n<\/ul>\n","protected":false},"featured_media":1506,"comment_status":"open","ping_status":"closed","template":"","meta":{"site-sidebar-layout":"default","site-content-layout":"default","ast-global-header-display":"","ast-main-header-display":"","ast-hfb-above-header-display":"","ast-hfb-below-header-display":"","ast-hfb-mobile-header-display":"","site-post-title":"","ast-breadcrumbs-content":"","ast-featured-img":"","footer-sml-layout":"","theme-transparent-header-meta":"default","adv-header-id-meta":"","stick-header-meta":"","header-above-stick-meta":"","header-main-stick-meta":"","header-below-stick-meta":""},"product_cat":[27],"product_tag":[22],"_links":{"self":[{"href":"https:\/\/buenoshabitos.shop\/index.php?rest_route=\/wp\/v2\/product\/1505"}],"collection":[{"href":"https:\/\/buenoshabitos.shop\/index.php?rest_route=\/wp\/v2\/product"}],"about":[{"href":"https:\/\/buenoshabitos.shop\/index.php?rest_route=\/wp\/v2\/types\/product"}],"replies":[{"embeddable":true,"href":"https:\/\/buenoshabitos.shop\/index.php?rest_route=%2Fwp%2Fv2%2Fcomments&post=1505"}],"wp:featuredmedia":[{"embeddable":true,"href":"https:\/\/buenoshabitos.shop\/index.php?rest_route=\/wp\/v2\/media\/1506"}],"wp:attachment":[{"href":"https:\/\/buenoshabitos.shop\/index.php?rest_route=%2Fwp%2Fv2%2Fmedia&parent=1505"}],"wp:term":[{"taxonomy":"product_cat","embeddable":true,"href":"https:\/\/buenoshabitos.shop\/index.php?rest_route=%2Fwp%2Fv2%2Fproduct_cat&post=1505"},{"taxonomy":"product_tag","embeddable":true,"href":"https:\/\/buenoshabitos.shop\/index.php?rest_route=%2Fwp%2Fv2%2Fproduct_tag&post=1505"}],"curies":[{"name":"wp","href":"https:\/\/api.w.org\/{rel}","templated":true}]}}