{"id":1501,"date":"2022-08-11T12:57:48","date_gmt":"2022-08-11T17:57:48","guid":{"rendered":"https:\/\/buenoshabitos.shop\/?post_type=product&#038;p=1501"},"modified":"2022-08-11T12:57:48","modified_gmt":"2022-08-11T17:57:48","slug":"gorra-blanca-buenos-habitos","status":"publish","type":"product","link":"https:\/\/buenoshabitos.shop\/?product=gorra-blanca-buenos-habitos","title":{"rendered":"Gorra blanca Buenos H\u00e1bitos"},"content":{"rendered":"<p>Gorra blanca de algod\u00f3n ultrafino y extra suave, con ventilaci\u00f3n<\/p>\n","protected":false},"excerpt":{"rendered":"<ul>\n<li>Gorra blanca de algod\u00f3n<\/li>\n<li>ultrafino y extra suave<\/li>\n<li>con ventilaci\u00f3n<\/li>\n<\/ul>\n","protected":false},"featured_media":1502,"comment_status":"open","ping_status":"closed","template":"","meta":{"site-sidebar-layout":"default","site-content-layout":"default","ast-global-header-display":"","ast-main-header-display":"","ast-hfb-above-header-display":"","ast-hfb-below-header-display":"","ast-hfb-mobile-header-display":"","site-post-title":"","ast-breadcrumbs-content":"","ast-featured-img":"","footer-sml-layout":"","theme-transparent-header-meta":"default","adv-header-id-meta":"","stick-header-meta":"","header-above-stick-meta":"","header-main-stick-meta":"","header-below-stick-meta":""},"product_cat":[25],"product_tag":[22],"_links":{"self":[{"href":"https:\/\/buenoshabitos.shop\/index.php?rest_route=\/wp\/v2\/product\/1501"}],"collection":[{"href":"https:\/\/buenoshabitos.shop\/index.php?rest_route=\/wp\/v2\/product"}],"about":[{"href":"https:\/\/buenoshabitos.shop\/index.php?rest_route=\/wp\/v2\/types\/product"}],"replies":[{"embeddable":true,"href":"https:\/\/buenoshabitos.shop\/index.php?rest_route=%2Fwp%2Fv2%2Fcomments&post=1501"}],"wp:featuredmedia":[{"embeddable":true,"href":"https:\/\/buenoshabitos.shop\/index.php?rest_route=\/wp\/v2\/media\/1502"}],"wp:attachment":[{"href":"https:\/\/buenoshabitos.shop\/index.php?rest_route=%2Fwp%2Fv2%2Fmedia&parent=1501"}],"wp:term":[{"taxonomy":"product_cat","embeddable":true,"href":"https:\/\/buenoshabitos.shop\/index.php?rest_route=%2Fwp%2Fv2%2Fproduct_cat&post=1501"},{"taxonomy":"product_tag","embeddable":true,"href":"https:\/\/buenoshabitos.shop\/index.php?rest_route=%2Fwp%2Fv2%2Fproduct_tag&post=1501"}],"curies":[{"name":"wp","href":"https:\/\/api.w.org\/{rel}","templated":true}]}}