{"id":1355,"date":"2022-08-11T10:32:55","date_gmt":"2022-08-11T15:32:55","guid":{"rendered":"https:\/\/buenoshabitos.shop\/?page_id=1355"},"modified":"2022-08-11T11:24:45","modified_gmt":"2022-08-11T16:24:45","slug":"para-ninos","status":"publish","type":"page","link":"https:\/\/buenoshabitos.shop\/?page_id=1355","title":{"rendered":"Para ni\u00f1os"},"content":{"rendered":"\t\t<div data-elementor-type=\"wp-page\" data-elementor-id=\"1355\" class=\"elementor elementor-1355\">\n\t\t\t\t\t\t\t\t\t<section class=\"elementor-section elementor-top-section elementor-element elementor-element-2339f61 elementor-section-boxed elementor-section-height-default elementor-section-height-default\" data-id=\"2339f61\" data-element_type=\"section\">\n\t\t\t\t\t\t<div class=\"elementor-container elementor-column-gap-default\">\n\t\t\t\t\t<div class=\"elementor-column elementor-col-100 elementor-top-column elementor-element elementor-element-93b3b71\" data-id=\"93b3b71\" data-element_type=\"column\">\n\t\t\t<div class=\"elementor-widget-wrap elementor-element-populated\">\n\t\t\t\t\t\t\t\t<div class=\"elementor-element elementor-element-027fec0 elementor-widget elementor-widget-heading\" data-id=\"027fec0\" data-element_type=\"widget\" data-widget_type=\"heading.default\">\n\t\t\t\t<div class=\"elementor-widget-container\">\n\t\t\t<style>\/*! elementor - v3.7.0 - 08-08-2022 *\/\n.elementor-heading-title{padding:0;margin:0;line-height:1}.elementor-widget-heading .elementor-heading-title[class*=elementor-size-]>a{color:inherit;font-size:inherit;line-height:inherit}.elementor-widget-heading .elementor-heading-title.elementor-size-small{font-size:15px}.elementor-widget-heading .elementor-heading-title.elementor-size-medium{font-size:19px}.elementor-widget-heading .elementor-heading-title.elementor-size-large{font-size:29px}.elementor-widget-heading .elementor-heading-title.elementor-size-xl{font-size:39px}.elementor-widget-heading .elementor-heading-title.elementor-size-xxl{font-size:59px}<\/style><h2 class=\"elementor-heading-title elementor-size-default\">Buenos h\u00e1bitos para ni\u00f1os<\/h2>\t\t<\/div>\n\t\t\t\t<\/div>\n\t\t\t\t\t<\/div>\n\t\t<\/div>\n\t\t\t\t\t\t\t<\/div>\n\t\t<\/section>\n\t\t\t\t<section class=\"elementor-section elementor-top-section elementor-element elementor-element-2d6c417 elementor-section-boxed elementor-section-height-default elementor-section-height-default\" data-id=\"2d6c417\" data-element_type=\"section\">\n\t\t\t\t\t\t<div class=\"elementor-container elementor-column-gap-default\">\n\t\t\t\t\t<div class=\"elementor-column elementor-col-100 elementor-top-column elementor-element elementor-element-f12bb3b\" data-id=\"f12bb3b\" data-element_type=\"column\">\n\t\t\t<div class=\"elementor-widget-wrap elementor-element-populated\">\n\t\t\t\t\t\t\t\t<div class=\"elementor-element elementor-element-c631f43 elementor-widget elementor-widget-text-editor\" data-id=\"c631f43\" data-element_type=\"widget\" data-widget_type=\"text-editor.default\">\n\t\t\t\t<div class=\"elementor-widget-container\">\n\t\t\t<style>\/*! elementor - v3.7.0 - 08-08-2022 *\/\n.elementor-widget-text-editor.elementor-drop-cap-view-stacked .elementor-drop-cap{background-color:#818a91;color:#fff}.elementor-widget-text-editor.elementor-drop-cap-view-framed .elementor-drop-cap{color:#818a91;border:3px solid;background-color:transparent}.elementor-widget-text-editor:not(.elementor-drop-cap-view-default) .elementor-drop-cap{margin-top:8px}.elementor-widget-text-editor:not(.elementor-drop-cap-view-default) .elementor-drop-cap-letter{width:1em;height:1em}.elementor-widget-text-editor .elementor-drop-cap{float:left;text-align:center;line-height:1;font-size:50px}.elementor-widget-text-editor .elementor-drop-cap-letter{display:inline-block}<\/style>\t\t\t\t<p>Los buenos h\u00e1bitos en los ni\u00f1os son de suma importancia, dado que:<\/p><ul><li>Aumenta y favorece el desarrollo de la autonom\u00eda.<\/li><li>Permite el conocimiento de s\u00ed mismo.<\/li><li>Genera seguridad y estabilidad.<\/li><li>Favorece un ambiente de tranquilidad.<\/li><li>Potencia la organizaci\u00f3n y orden mental.<\/li><li>Transforma el ambiente en un lugar predecible, por lo tanto, bajan los niveles de incertidumbre y ansiedad.<\/li><\/ul>\t\t\t\t\t\t<\/div>\n\t\t\t\t<\/div>\n\t\t\t\t\t<\/div>\n\t\t<\/div>\n\t\t\t\t\t\t\t<\/div>\n\t\t<\/section>\n\t\t\t\t<section class=\"elementor-section elementor-top-section elementor-element elementor-element-7f4e73e elementor-section-boxed elementor-section-height-default elementor-section-height-default\" data-id=\"7f4e73e\" data-element_type=\"section\">\n\t\t\t\t\t\t<div class=\"elementor-container elementor-column-gap-default\">\n\t\t\t\t\t<div class=\"elementor-column elementor-col-66 elementor-top-column elementor-element elementor-element-cebc1ae\" data-id=\"cebc1ae\" data-element_type=\"column\">\n\t\t\t<div class=\"elementor-widget-wrap elementor-element-populated\">\n\t\t\t\t\t\t\t\t<div class=\"elementor-element elementor-element-57fe550 elementor-widget elementor-widget-text-editor\" data-id=\"57fe550\" data-element_type=\"widget\" data-widget_type=\"text-editor.default\">\n\t\t\t\t<div class=\"elementor-widget-container\">\n\t\t\t\t\t\t\t<p><strong>Higiene:<\/strong><\/p><ol><li>El ba\u00f1o para los ni\u00f1os es la parte m\u00e1s importante cuando hablamos de higiene, ya que ayuda a prevenir enfermedades y fomenta a una vida m\u00e1s saludable. Es importante fomentar a ba\u00f1arse regularmente desde una edad temprana, para esto hay que hacer que el ba\u00f1o sea una experiencia positiva, implementando juguetes, una buena temperatura en el agua, pero tambi\u00e9n es necesario prevenir accidentes, implementando en tu ba\u00f1o, una alfombra antideslizante y barandillas de seguridad.<\/li><li>Fomentar al lavado tambi\u00e9n ayuda a prevenir multiples enfermedades, dado que, es natural que un ni\u00f1o toque todo lo que vea y despu\u00e9s inconscientemente, se lleve las manos a la boca, por eso, implementar un lavado de manos por lo menos 1 vez cada 3 horas, despu\u00e9s de jugar, salir a la tienda, ETC, puede ayudar a evitar enfermedades.<\/li><li>Lavarse los dientes es un h\u00e1bito que no puede faltar en la rutina de todos, incluyendo principalmente a los ni\u00f1os, despu\u00e9s de cada comida, es importante lavarse los dientes, para prevenir enfermedades como caries, dolor o molestias, y sobre todo, evitar problemas en un futuro, cuando al ni\u00f1o le salgan sus dientes permanentes.<\/li><\/ol>\t\t\t\t\t\t<\/div>\n\t\t\t\t<\/div>\n\t\t\t\t<div class=\"elementor-element elementor-element-0084f0e elementor-widget elementor-widget-image\" data-id=\"0084f0e\" data-element_type=\"widget\" data-widget_type=\"image.default\">\n\t\t\t\t<div class=\"elementor-widget-container\">\n\t\t\t<style>\/*! elementor - v3.7.0 - 08-08-2022 *\/\n.elementor-widget-image{text-align:center}.elementor-widget-image a{display:inline-block}.elementor-widget-image a img[src$=\".svg\"]{width:48px}.elementor-widget-image img{vertical-align:middle;display:inline-block}<\/style>\t\t\t\t\t\t\t\t\t\t\t\t<img width=\"1024\" height=\"682\" src=\"https:\/\/buenoshabitos.shop\/wp-content\/uploads\/2022\/08\/bano-1024x682.png\" class=\"attachment-large size-large\" alt=\"\" loading=\"lazy\" srcset=\"https:\/\/buenoshabitos.shop\/wp-content\/uploads\/2022\/08\/bano-1024x682.png 1024w, https:\/\/buenoshabitos.shop\/wp-content\/uploads\/2022\/08\/bano-600x400.png 600w, https:\/\/buenoshabitos.shop\/wp-content\/uploads\/2022\/08\/bano-300x200.png 300w, https:\/\/buenoshabitos.shop\/wp-content\/uploads\/2022\/08\/bano-768x512.png 768w, https:\/\/buenoshabitos.shop\/wp-content\/uploads\/2022\/08\/bano.png 1280w\" sizes=\"(max-width: 1024px) 100vw, 1024px\" \/>\t\t\t\t\t\t\t\t\t\t\t\t\t\t\t<\/div>\n\t\t\t\t<\/div>\n\t\t\t\t\t<\/div>\n\t\t<\/div>\n\t\t\t\t<div class=\"elementor-column elementor-col-33 elementor-top-column elementor-element elementor-element-223f84e\" data-id=\"223f84e\" data-element_type=\"column\">\n\t\t\t<div class=\"elementor-widget-wrap\">\n\t\t\t\t\t\t\t\t\t<\/div>\n\t\t<\/div>\n\t\t\t\t\t\t\t<\/div>\n\t\t<\/section>\n\t\t\t\t<section class=\"elementor-section elementor-top-section elementor-element elementor-element-9d444d6 elementor-section-boxed elementor-section-height-default elementor-section-height-default\" data-id=\"9d444d6\" data-element_type=\"section\">\n\t\t\t\t\t\t<div class=\"elementor-container elementor-column-gap-default\">\n\t\t\t\t\t<div class=\"elementor-column elementor-col-100 elementor-top-column elementor-element elementor-element-c065b05\" data-id=\"c065b05\" data-element_type=\"column\">\n\t\t\t<div class=\"elementor-widget-wrap elementor-element-populated\">\n\t\t\t\t\t\t\t\t<div class=\"elementor-element elementor-element-af8f0f8 elementor-widget elementor-widget-text-editor\" data-id=\"af8f0f8\" data-element_type=\"widget\" data-widget_type=\"text-editor.default\">\n\t\t\t\t<div class=\"elementor-widget-container\">\n\t\t\t\t\t\t\t<p><strong>Otros h\u00e1bitos importantes para los ni\u00f1os:<\/strong><\/p><ol><li>Dormir temprano es importante para que el ni\u00f1o al siguiente d\u00eda, tenga un buen humor y le permita retener m\u00e1s informaci\u00f3n en la escuela, tambi\u00e9n dormir temprano ayuda a un mejor desarrollo en su cuerpo y fortalece el sistema inmunol\u00f3gico, dormir entre 8 y 10 horas es suficiente para que el ni\u00f1o adquiera todos estos beneficios.<\/li><\/ol>\t\t\t\t\t\t<\/div>\n\t\t\t\t<\/div>\n\t\t\t\t\t<\/div>\n\t\t<\/div>\n\t\t\t\t\t\t\t<\/div>\n\t\t<\/section>\n\t\t\t\t<section class=\"elementor-section elementor-top-section elementor-element elementor-element-086f137 elementor-section-boxed elementor-section-height-default elementor-section-height-default\" data-id=\"086f137\" data-element_type=\"section\">\n\t\t\t\t\t\t<div class=\"elementor-container elementor-column-gap-default\">\n\t\t\t\t\t<div class=\"elementor-column elementor-col-100 elementor-top-column elementor-element elementor-element-baec3aa\" data-id=\"baec3aa\" data-element_type=\"column\">\n\t\t\t<div class=\"elementor-widget-wrap elementor-element-populated\">\n\t\t\t\t\t\t\t\t<div class=\"elementor-element elementor-element-c6e6cd7 elementor-widget elementor-widget-image\" data-id=\"c6e6cd7\" data-element_type=\"widget\" data-widget_type=\"image.default\">\n\t\t\t\t<div class=\"elementor-widget-container\">\n\t\t\t\t\t\t\t\t\t\t\t\t\t\t\t<img width=\"819\" height=\"1024\" src=\"https:\/\/buenoshabitos.shop\/wp-content\/uploads\/2022\/08\/Bebe-gorro-incluido-819x1024.png\" class=\"attachment-large size-large\" alt=\"\" loading=\"lazy\" srcset=\"https:\/\/buenoshabitos.shop\/wp-content\/uploads\/2022\/08\/Bebe-gorro-incluido-819x1024.png 819w, https:\/\/buenoshabitos.shop\/wp-content\/uploads\/2022\/08\/Bebe-gorro-incluido-600x750.png 600w, https:\/\/buenoshabitos.shop\/wp-content\/uploads\/2022\/08\/Bebe-gorro-incluido-240x300.png 240w, https:\/\/buenoshabitos.shop\/wp-content\/uploads\/2022\/08\/Bebe-gorro-incluido-768x960.png 768w, https:\/\/buenoshabitos.shop\/wp-content\/uploads\/2022\/08\/Bebe-gorro-incluido.png 1024w\" sizes=\"(max-width: 819px) 100vw, 819px\" \/>\t\t\t\t\t\t\t\t\t\t\t\t\t\t\t<\/div>\n\t\t\t\t<\/div>\n\t\t\t\t\t<\/div>\n\t\t<\/div>\n\t\t\t\t\t\t\t<\/div>\n\t\t<\/section>\n\t\t\t\t<section class=\"elementor-section elementor-top-section elementor-element elementor-element-335a095 elementor-section-boxed elementor-section-height-default elementor-section-height-default\" data-id=\"335a095\" data-element_type=\"section\">\n\t\t\t\t\t\t<div class=\"elementor-container elementor-column-gap-default\">\n\t\t\t\t\t<div class=\"elementor-column elementor-col-50 elementor-top-column elementor-element elementor-element-3eaa959\" data-id=\"3eaa959\" data-element_type=\"column\">\n\t\t\t<div class=\"elementor-widget-wrap elementor-element-populated\">\n\t\t\t\t\t\t\t\t<div class=\"elementor-element elementor-element-6305c4d elementor-widget elementor-widget-text-editor\" data-id=\"6305c4d\" data-element_type=\"widget\" data-widget_type=\"text-editor.default\">\n\t\t\t\t<div class=\"elementor-widget-container\">\n\t\t\t\t\t\t\t<section class=\"elementor-section elementor-top-section elementor-element elementor-element-3787703 elementor-section-boxed elementor-section-height-default elementor-section-height-default\" data-id=\"3787703\" data-element_type=\"section\"><div class=\"elementor-container elementor-column-gap-default\"><div class=\"elementor-column elementor-col-100 elementor-top-column elementor-element elementor-element-31f2961\" data-id=\"31f2961\" data-element_type=\"column\"><div class=\"elementor-widget-wrap elementor-element-populated\"><div class=\"elementor-element elementor-element-bac7c13 elementor-widget elementor-widget-heading\" data-id=\"bac7c13\" data-element_type=\"widget\" data-widget_type=\"heading.default\"><div class=\"elementor-widget-container\"><h2 class=\"elementor-heading-title elementor-size-default\">Buenos h\u00e1bitos para el tiempo libre de los ni\u00f1os<\/h2><\/div><\/div><\/div><\/div><\/div><\/section><section class=\"elementor-section elementor-top-section elementor-element elementor-element-13abd7b elementor-section-boxed elementor-section-height-default elementor-section-height-default\" data-id=\"13abd7b\" data-element_type=\"section\"><div class=\"elementor-container elementor-column-gap-default\"><div class=\"elementor-column elementor-col-100 elementor-top-column elementor-element elementor-element-c2b220d\" data-id=\"c2b220d\" data-element_type=\"column\"><div class=\"elementor-widget-wrap elementor-element-populated\"><div class=\"elementor-element elementor-element-b6a9cdf elementor-widget elementor-widget-text-editor\" data-id=\"b6a9cdf\" data-element_type=\"widget\" data-widget_type=\"text-editor.default\"><div class=\"elementor-widget-container\"><p>Para uso del tiempo libre es bueno implementar en la rutina de los ni\u00f1os, actividades que les implementen valores\u00a0los cuales les puede ayudar el resto de sus vidas:<\/p><ol><li>Deporte: El deporte es una de las mejores formas para que los ni\u00f1os inviertan su tiempo libre, no solo por los beneficios f\u00edsicos que les puede traer, sino tambi\u00e9n por los valores que adquieren en el proceso, valores como disciplina, trabajo en equipo, respeto a sus compa\u00f1eros y rivales, competitividad y el desarrollo de buena conducta.<\/li><li>Dibujar: El dibujo es una de las mejores actividades que un ni\u00f1o puede hacer en su tiempo libre, ya que aporta multiples beneficios que ayudan a mejorar su forma de aprender, beneficios como: Mejorar la motricidad fina, aumenta la autoestima, reduce los niveles de ansiedad, favorece la comunicaci\u00f3n y estimula los dos hemisferios del cerebro, dado que el dibujo no solo previene las enfermedades neurodegenerativas, sino que tambi\u00e9n mejora el uso de la imaginaci\u00f3n y creatividad.<\/li><\/ol><\/div><\/div><\/div><\/div><\/div><\/section>\t\t\t\t\t\t<\/div>\n\t\t\t\t<\/div>\n\t\t\t\t\t<\/div>\n\t\t<\/div>\n\t\t\t\t<div class=\"elementor-column elementor-col-50 elementor-top-column elementor-element elementor-element-00596d2\" data-id=\"00596d2\" data-element_type=\"column\">\n\t\t\t<div class=\"elementor-widget-wrap elementor-element-populated\">\n\t\t\t\t\t\t\t\t<div class=\"elementor-element elementor-element-3a32e2b elementor-widget elementor-widget-image\" data-id=\"3a32e2b\" data-element_type=\"widget\" data-widget_type=\"image.default\">\n\t\t\t\t<div class=\"elementor-widget-container\">\n\t\t\t\t\t\t\t\t\t\t\t\t\t\t\t<img width=\"731\" height=\"1024\" src=\"https:\/\/buenoshabitos.shop\/wp-content\/uploads\/2022\/08\/seleccion-bh-731x1024.png\" class=\"attachment-large size-large\" alt=\"\" loading=\"lazy\" srcset=\"https:\/\/buenoshabitos.shop\/wp-content\/uploads\/2022\/08\/seleccion-bh-731x1024.png 731w, https:\/\/buenoshabitos.shop\/wp-content\/uploads\/2022\/08\/seleccion-bh-600x840.png 600w, https:\/\/buenoshabitos.shop\/wp-content\/uploads\/2022\/08\/seleccion-bh-214x300.png 214w, https:\/\/buenoshabitos.shop\/wp-content\/uploads\/2022\/08\/seleccion-bh-768x1076.png 768w, https:\/\/buenoshabitos.shop\/wp-content\/uploads\/2022\/08\/seleccion-bh.png 914w\" sizes=\"(max-width: 731px) 100vw, 731px\" \/>\t\t\t\t\t\t\t\t\t\t\t\t\t\t\t<\/div>\n\t\t\t\t<\/div>\n\t\t\t\t\t<\/div>\n\t\t<\/div>\n\t\t\t\t\t\t\t<\/div>\n\t\t<\/section>\n\t\t\t\t<section class=\"elementor-section elementor-top-section elementor-element elementor-element-bd169b8 elementor-section-boxed elementor-section-height-default elementor-section-height-default\" data-id=\"bd169b8\" data-element_type=\"section\">\n\t\t\t\t\t\t<div class=\"elementor-container elementor-column-gap-default\">\n\t\t\t\t\t<div class=\"elementor-column elementor-col-100 elementor-top-column elementor-element elementor-element-7e423b0\" data-id=\"7e423b0\" data-element_type=\"column\">\n\t\t\t<div class=\"elementor-widget-wrap elementor-element-populated\">\n\t\t\t\t\t\t\t\t<div class=\"elementor-element elementor-element-b401eb7 elementor-widget elementor-widget-heading\" data-id=\"b401eb7\" data-element_type=\"widget\" data-widget_type=\"heading.default\">\n\t\t\t\t<div class=\"elementor-widget-container\">\n\t\t\t<h2 class=\"elementor-heading-title elementor-size-default\">Te recomendamos ver el siguiente v\u00eddeo extra\u00eddo de nuestro canal de YouTube<\/h2>\t\t<\/div>\n\t\t\t\t<\/div>\n\t\t\t\t\t<\/div>\n\t\t<\/div>\n\t\t\t\t\t\t\t<\/div>\n\t\t<\/section>\n\t\t\t\t<section class=\"elementor-section elementor-top-section elementor-element elementor-element-bc7d70b elementor-section-boxed elementor-section-height-default elementor-section-height-default\" data-id=\"bc7d70b\" data-element_type=\"section\">\n\t\t\t\t\t\t<div class=\"elementor-container elementor-column-gap-default\">\n\t\t\t\t\t<div class=\"elementor-column elementor-col-100 elementor-top-column elementor-element elementor-element-b456857\" data-id=\"b456857\" data-element_type=\"column\">\n\t\t\t<div class=\"elementor-widget-wrap elementor-element-populated\">\n\t\t\t\t\t\t\t\t<div class=\"elementor-element elementor-element-cb33763 elementor-aspect-ratio-169 elementor-widget elementor-widget-video\" data-id=\"cb33763\" data-element_type=\"widget\" data-settings=\"{&quot;youtube_url&quot;:&quot;https:\\\/\\\/www.youtube.com\\\/watch?v=M_GV9KWJzgU&quot;,&quot;video_type&quot;:&quot;youtube&quot;,&quot;controls&quot;:&quot;yes&quot;,&quot;aspect_ratio&quot;:&quot;169&quot;}\" data-widget_type=\"video.default\">\n\t\t\t\t<div class=\"elementor-widget-container\">\n\t\t\t<style>\/*! elementor - v3.7.0 - 08-08-2022 *\/\n.elementor-widget-video .elementor-widget-container{overflow:hidden;-webkit-transform:translateZ(0);transform:translateZ(0)}.elementor-widget-video .elementor-open-inline .elementor-custom-embed-image-overlay{position:absolute;top:0;left:0;width:100%;height:100%;background-size:cover;background-position:50%}.elementor-widget-video .elementor-custom-embed-image-overlay{cursor:pointer;text-align:center}.elementor-widget-video .elementor-custom-embed-image-overlay:hover .elementor-custom-embed-play i{opacity:1}.elementor-widget-video .elementor-custom-embed-image-overlay img{display:block;width:100%}.elementor-widget-video .e-hosted-video .elementor-video{-o-object-fit:cover;object-fit:cover}.e-container>.elementor-widget-video{width:var(--container-widget-width,100%)}<\/style>\t\t<div class=\"elementor-wrapper elementor-fit-aspect-ratio elementor-open-inline\">\n\t\t\t<div class=\"elementor-video\"><\/div>\t\t<\/div>\n\t\t\t\t<\/div>\n\t\t\t\t<\/div>\n\t\t\t\t\t<\/div>\n\t\t<\/div>\n\t\t\t\t\t\t\t<\/div>\n\t\t<\/section>\n\t\t\t\t\t\t\t<\/div>\n\t\t","protected":false},"excerpt":{"rendered":"<p>Buenos h\u00e1bitos para ni\u00f1os Los buenos h\u00e1bitos en los ni\u00f1os son de suma importancia, dado que: Aumenta y favorece el desarrollo de la autonom\u00eda. Permite el conocimiento de s\u00ed mismo. Genera seguridad y estabilidad. Favorece un ambiente de tranquilidad. Potencia la organizaci\u00f3n y orden mental. Transforma el ambiente en un lugar predecible, por lo tanto, &hellip;<\/p>\n<p class=\"read-more\"> <a class=\"\" href=\"https:\/\/buenoshabitos.shop\/?page_id=1355\"> <span class=\"screen-reader-text\">Para ni\u00f1os<\/span> Leer m\u00e1s &raquo;<\/a><\/p>\n","protected":false},"author":1,"featured_media":0,"parent":0,"menu_order":0,"comment_status":"closed","ping_status":"closed","template":"","meta":{"site-sidebar-layout":"no-sidebar","site-content-layout":"page-builder","ast-global-header-display":"","ast-main-header-display":"","ast-hfb-above-header-display":"","ast-hfb-below-header-display":"","ast-hfb-mobile-header-display":"","site-post-title":"disabled","ast-breadcrumbs-content":"","ast-featured-img":"disabled","footer-sml-layout":"","theme-transparent-header-meta":"","adv-header-id-meta":"","stick-header-meta":"","header-above-stick-meta":"","header-main-stick-meta":"","header-below-stick-meta":""},"_links":{"self":[{"href":"https:\/\/buenoshabitos.shop\/index.php?rest_route=\/wp\/v2\/pages\/1355"}],"collection":[{"href":"https:\/\/buenoshabitos.shop\/index.php?rest_route=\/wp\/v2\/pages"}],"about":[{"href":"https:\/\/buenoshabitos.shop\/index.php?rest_route=\/wp\/v2\/types\/page"}],"author":[{"embeddable":true,"href":"https:\/\/buenoshabitos.shop\/index.php?rest_route=\/wp\/v2\/users\/1"}],"replies":[{"embeddable":true,"href":"https:\/\/buenoshabitos.shop\/index.php?rest_route=%2Fwp%2Fv2%2Fcomments&post=1355"}],"version-history":[{"count":4,"href":"https:\/\/buenoshabitos.shop\/index.php?rest_route=\/wp\/v2\/pages\/1355\/revisions"}],"predecessor-version":[{"id":1422,"href":"https:\/\/buenoshabitos.shop\/index.php?rest_route=\/wp\/v2\/pages\/1355\/revisions\/1422"}],"wp:attachment":[{"href":"https:\/\/buenoshabitos.shop\/index.php?rest_route=%2Fwp%2Fv2%2Fmedia&parent=1355"}],"curies":[{"name":"wp","href":"https:\/\/api.w.org\/{rel}","templated":true}]}}