{"id":1352,"date":"2022-08-11T10:32:55","date_gmt":"2022-08-11T15:32:55","guid":{"rendered":"https:\/\/buenoshabitos.shop\/?page_id=1352"},"modified":"2022-08-11T11:01:51","modified_gmt":"2022-08-11T16:01:51","slug":"vision","status":"publish","type":"page","link":"https:\/\/buenoshabitos.shop\/?page_id=1352","title":{"rendered":"Visi\u00f3n"},"content":{"rendered":"\t\t<div data-elementor-type=\"wp-page\" data-elementor-id=\"1352\" class=\"elementor elementor-1352\">\n\t\t\t\t\t\t\t\t\t<section class=\"elementor-section elementor-top-section elementor-element elementor-element-beb1828 elementor-section-boxed elementor-section-height-default elementor-section-height-default\" data-id=\"beb1828\" data-element_type=\"section\">\n\t\t\t\t\t\t<div class=\"elementor-container elementor-column-gap-default\">\n\t\t\t\t\t<div class=\"elementor-column elementor-col-100 elementor-top-column elementor-element elementor-element-0c1998c\" data-id=\"0c1998c\" data-element_type=\"column\">\n\t\t\t<div class=\"elementor-widget-wrap elementor-element-populated\">\n\t\t\t\t\t\t\t\t<div class=\"elementor-element elementor-element-c3933c3 elementor-widget elementor-widget-heading\" data-id=\"c3933c3\" data-element_type=\"widget\" data-widget_type=\"heading.default\">\n\t\t\t\t<div class=\"elementor-widget-container\">\n\t\t\t<style>\/*! elementor - v3.7.0 - 08-08-2022 *\/\n.elementor-heading-title{padding:0;margin:0;line-height:1}.elementor-widget-heading .elementor-heading-title[class*=elementor-size-]>a{color:inherit;font-size:inherit;line-height:inherit}.elementor-widget-heading .elementor-heading-title.elementor-size-small{font-size:15px}.elementor-widget-heading .elementor-heading-title.elementor-size-medium{font-size:19px}.elementor-widget-heading .elementor-heading-title.elementor-size-large{font-size:29px}.elementor-widget-heading .elementor-heading-title.elementor-size-xl{font-size:39px}.elementor-widget-heading .elementor-heading-title.elementor-size-xxl{font-size:59px}<\/style><h2 class=\"elementor-heading-title elementor-size-default\">Visi\u00f3n<\/h2>\t\t<\/div>\n\t\t\t\t<\/div>\n\t\t\t\t\t<\/div>\n\t\t<\/div>\n\t\t\t\t\t\t\t<\/div>\n\t\t<\/section>\n\t\t\t\t<section class=\"elementor-section elementor-top-section elementor-element elementor-element-ff6b99d elementor-section-boxed elementor-section-height-default elementor-section-height-default\" data-id=\"ff6b99d\" data-element_type=\"section\">\n\t\t\t\t\t\t<div class=\"elementor-container elementor-column-gap-default\">\n\t\t\t\t\t<div class=\"elementor-column elementor-col-66 elementor-top-column elementor-element elementor-element-b173071\" data-id=\"b173071\" data-element_type=\"column\">\n\t\t\t<div class=\"elementor-widget-wrap elementor-element-populated\">\n\t\t\t\t\t\t\t\t<div class=\"elementor-element elementor-element-b7a4a88 elementor-widget elementor-widget-text-editor\" data-id=\"b7a4a88\" data-element_type=\"widget\" data-widget_type=\"text-editor.default\">\n\t\t\t\t<div class=\"elementor-widget-container\">\n\t\t\t<style>\/*! elementor - v3.7.0 - 08-08-2022 *\/\n.elementor-widget-text-editor.elementor-drop-cap-view-stacked .elementor-drop-cap{background-color:#818a91;color:#fff}.elementor-widget-text-editor.elementor-drop-cap-view-framed .elementor-drop-cap{color:#818a91;border:3px solid;background-color:transparent}.elementor-widget-text-editor:not(.elementor-drop-cap-view-default) .elementor-drop-cap{margin-top:8px}.elementor-widget-text-editor:not(.elementor-drop-cap-view-default) .elementor-drop-cap-letter{width:1em;height:1em}.elementor-widget-text-editor .elementor-drop-cap{float:left;text-align:center;line-height:1;font-size:50px}.elementor-widget-text-editor .elementor-drop-cap-letter{display:inline-block}<\/style>\t\t\t\t<p>Para el 2025, el proyecto Buenos H\u00e1bitos ser\u00e1 reconocido a nivel nacional e internacional, como una herramienta \u00fatil para mejorar la calidad de vida de los consumidores, ampliar el personal para una mayor eficiencia, tener un soporte las 24 horas del d\u00eda y actualizar constantemente nuestro cat\u00e1logo de servicios, convirti\u00e9ndose en una herramienta vers\u00e1til y no de un solo uso<\/p>\t\t\t\t\t\t<\/div>\n\t\t\t\t<\/div>\n\t\t\t\t\t<\/div>\n\t\t<\/div>\n\t\t\t\t<div class=\"elementor-column elementor-col-33 elementor-top-column elementor-element elementor-element-ce7cafb\" data-id=\"ce7cafb\" data-element_type=\"column\">\n\t\t\t<div class=\"elementor-widget-wrap elementor-element-populated\">\n\t\t\t\t\t\t\t\t<div class=\"elementor-element elementor-element-846d2a6 elementor-widget elementor-widget-image\" data-id=\"846d2a6\" data-element_type=\"widget\" data-widget_type=\"image.default\">\n\t\t\t\t<div class=\"elementor-widget-container\">\n\t\t\t<style>\/*! elementor - v3.7.0 - 08-08-2022 *\/\n.elementor-widget-image{text-align:center}.elementor-widget-image a{display:inline-block}.elementor-widget-image a img[src$=\".svg\"]{width:48px}.elementor-widget-image img{vertical-align:middle;display:inline-block}<\/style>\t\t\t\t\t\t\t\t\t\t\t\t<img width=\"768\" height=\"1024\" src=\"https:\/\/buenoshabitos.shop\/wp-content\/uploads\/2022\/08\/alejo-768x1024.png\" class=\"attachment-large size-large\" alt=\"\" loading=\"lazy\" srcset=\"https:\/\/buenoshabitos.shop\/wp-content\/uploads\/2022\/08\/alejo-768x1024.png 768w, https:\/\/buenoshabitos.shop\/wp-content\/uploads\/2022\/08\/alejo-600x800.png 600w, https:\/\/buenoshabitos.shop\/wp-content\/uploads\/2022\/08\/alejo-225x300.png 225w, https:\/\/buenoshabitos.shop\/wp-content\/uploads\/2022\/08\/alejo.png 960w\" sizes=\"(max-width: 768px) 100vw, 768px\" \/>\t\t\t\t\t\t\t\t\t\t\t\t\t\t\t<\/div>\n\t\t\t\t<\/div>\n\t\t\t\t\t<\/div>\n\t\t<\/div>\n\t\t\t\t\t\t\t<\/div>\n\t\t<\/section>\n\t\t\t\t\t\t\t<\/div>\n\t\t","protected":false},"excerpt":{"rendered":"<p>Visi\u00f3n Para el 2025, el proyecto Buenos H\u00e1bitos ser\u00e1 reconocido a nivel nacional e internacional, como una herramienta \u00fatil para mejorar la calidad de vida de los consumidores, ampliar el personal para una mayor eficiencia, tener un soporte las 24 horas del d\u00eda y actualizar constantemente nuestro cat\u00e1logo de servicios, convirti\u00e9ndose en una herramienta vers\u00e1til &hellip;<\/p>\n<p class=\"read-more\"> <a class=\"\" href=\"https:\/\/buenoshabitos.shop\/?page_id=1352\"> <span class=\"screen-reader-text\">Visi\u00f3n<\/span> Leer m\u00e1s &raquo;<\/a><\/p>\n","protected":false},"author":1,"featured_media":0,"parent":0,"menu_order":0,"comment_status":"closed","ping_status":"closed","template":"","meta":{"site-sidebar-layout":"no-sidebar","site-content-layout":"page-builder","ast-global-header-display":"","ast-main-header-display":"","ast-hfb-above-header-display":"","ast-hfb-below-header-display":"","ast-hfb-mobile-header-display":"","site-post-title":"disabled","ast-breadcrumbs-content":"","ast-featured-img":"disabled","footer-sml-layout":"","theme-transparent-header-meta":"","adv-header-id-meta":"","stick-header-meta":"","header-above-stick-meta":"","header-main-stick-meta":"","header-below-stick-meta":""},"_links":{"self":[{"href":"https:\/\/buenoshabitos.shop\/index.php?rest_route=\/wp\/v2\/pages\/1352"}],"collection":[{"href":"https:\/\/buenoshabitos.shop\/index.php?rest_route=\/wp\/v2\/pages"}],"about":[{"href":"https:\/\/buenoshabitos.shop\/index.php?rest_route=\/wp\/v2\/types\/page"}],"author":[{"embeddable":true,"href":"https:\/\/buenoshabitos.shop\/index.php?rest_route=\/wp\/v2\/users\/1"}],"replies":[{"embeddable":true,"href":"https:\/\/buenoshabitos.shop\/index.php?rest_route=%2Fwp%2Fv2%2Fcomments&post=1352"}],"version-history":[{"count":4,"href":"https:\/\/buenoshabitos.shop\/index.php?rest_route=\/wp\/v2\/pages\/1352\/revisions"}],"predecessor-version":[{"id":1401,"href":"https:\/\/buenoshabitos.shop\/index.php?rest_route=\/wp\/v2\/pages\/1352\/revisions\/1401"}],"wp:attachment":[{"href":"https:\/\/buenoshabitos.shop\/index.php?rest_route=%2Fwp%2Fv2%2Fmedia&parent=1352"}],"curies":[{"name":"wp","href":"https:\/\/api.w.org\/{rel}","templated":true}]}}